{"id":305,"date":"2023-12-18T14:11:13","date_gmt":"2023-12-18T13:11:13","guid":{"rendered":"http:\/\/www.frederic-dabert.fr\/?page_id=305"},"modified":"2023-12-18T14:13:49","modified_gmt":"2023-12-18T13:13:49","slug":"votre-projet","status":"publish","type":"page","link":"https:\/\/www.frederic-dabert.fr\/index.php\/votre-projet\/","title":{"rendered":"Votre projet"},"content":{"rendered":"\t\t<div data-elementor-type=\"wp-page\" data-elementor-id=\"305\" class=\"elementor elementor-305\" data-elementor-post-type=\"page\">\n\t\t\t\t\t\t\t<div class=\"elementor-element elementor-element-b3de6fa e-flex e-con-boxed e-con e-parent\" data-id=\"b3de6fa\" data-element_type=\"container\" data-settings=\"{&quot;content_width&quot;:&quot;boxed&quot;}\" data-core-v316-plus=\"true\">\n\t\t\t\t\t<div class=\"e-con-inner\">\n\t\t\t\t<div class=\"elementor-element elementor-element-2775959 elementor-widget elementor-widget-text-editor\" data-id=\"2775959\" data-element_type=\"widget\" data-widget_type=\"text-editor.default\">\n\t\t\t\t<div class=\"elementor-widget-container\">\n\t\t\t<style>\/*! elementor - v3.18.0 - 20-12-2023 *\/\n.elementor-widget-text-editor.elementor-drop-cap-view-stacked .elementor-drop-cap{background-color:#69727d;color:#fff}.elementor-widget-text-editor.elementor-drop-cap-view-framed .elementor-drop-cap{color:#69727d;border:3px solid;background-color:transparent}.elementor-widget-text-editor:not(.elementor-drop-cap-view-default) .elementor-drop-cap{margin-top:8px}.elementor-widget-text-editor:not(.elementor-drop-cap-view-default) .elementor-drop-cap-letter{width:1em;height:1em}.elementor-widget-text-editor .elementor-drop-cap{float:left;text-align:center;line-height:1;font-size:50px}.elementor-widget-text-editor .elementor-drop-cap-letter{display:inline-block}<\/style>\t\t\t\t<section class=\"main col-8\" role=\"main\"><article id=\"post-35\" class=\"post\"><h1>Votre projet<\/h1><div><img fetchpriority=\"high\" decoding=\"async\" class=\"size-full wp-image-307 alignright\" src=\"http:\/\/www.frederic-dabert.fr\/wp-content\/uploads\/2023\/12\/votreprojet.jpg\" alt=\"\" width=\"300\" height=\"450\" srcset=\"https:\/\/www.frederic-dabert.fr\/wp-content\/uploads\/2023\/12\/votreprojet.jpg 300w, https:\/\/www.frederic-dabert.fr\/wp-content\/uploads\/2023\/12\/votreprojet-200x300.jpg 200w\" sizes=\"(max-width: 300px) 100vw, 300px\" \/><h2>Chronologie<\/h2><p>Lors de notre premier RdV, nous d\u00e9finirons les contours de votre projet, son adaptation par rapport \u00e0 votre terrain, le choix de vos mat\u00e9riaux.<br \/>Le 2\u00e8me RdV se fera en pr\u00e9sence de l\u2019architecte qui vous pr\u00e9sentera son avant projet.<br \/>Une fois que votre projet sera bien d\u00e9fini, un chiffrage d\u00e9taill\u00e9 par corps d\u2019\u00e9tat vous sera transmis.<br \/>Nous proc\u00e9derons ensuite au d\u00e9p\u00f4t de votre permis de construire accompagn\u00e9 de l\u2019\u00e9tude thermique, puis suivra la p\u00e9riode de pr\u00e9paration de chantier:<\/p><ul><li>\u00e9tude de sols,<\/li><li>\u00e9tude b\u00e9ton arm\u00e9e,<\/li><li>\u00e9laboration des plans de r\u00e9servations et d\u2019ex\u00e9cution,<\/li><li>pr\u00e9parations des march\u00e9s d\u2019entreprise.<\/li><\/ul><p>Le d\u00e9lai de r\u00e9alisation de vos travaux d\u00e9pendra du niveau technique de votre construction.<br \/>Vous disposerez de devis estimatifs d\u00e9taill\u00e9s qui vous permettront de maitriser le budget de votre construction.<br \/>Les factures des artisans vous seront adress\u00e9es apr\u00e8s avoir \u00e9t\u00e9 v\u00e9rifi\u00e9es par le ma\u00eetre d\u2019\u0153uvre.<br \/>En phase de travaux, nous nous rencontrerons lors d\u2019une r\u00e9union de chantier hebdomadaire suivi d\u2019un compte-rendu contractuel.<\/p><h2>Garantie<\/h2><p>Vous signerez un contrat d\u2019Architecte pour la r\u00e9alisation de l\u2019avant-projet et le d\u00e9p\u00f4t du permis de construire, un contrat de ma\u00eetrise d\u2019\u0153uvre pour le suivi de vos travaux, et des march\u00e9s de travaux pour chaque corps d\u2019\u00e9tat.<br \/>Ces march\u00e9s seront soumis contractuellement \u00e0 un d\u00e9lai de livraison et seront accompagn\u00e9s de\u00a0l\u2019assurance d\u00e9cennale + responsabilit\u00e9 civile de chaque intervenant.<\/p><\/div><\/article><\/section>\t\t\t\t\t\t<\/div>\n\t\t\t\t<\/div>\n\t\t\t\t\t<\/div>\n\t\t\t\t<\/div>\n\t\t\t\t\t\t\t<\/div>\n\t\t","protected":false},"excerpt":{"rendered":"<p>Votre projet Chronologie Lors de notre premier RdV, nous d\u00e9finirons les contours de votre projet, son adaptation par rapport \u00e0 votre terrain, le choix de vos mat\u00e9riaux.Le 2\u00e8me RdV se fera en pr\u00e9sence de l\u2019architecte qui vous pr\u00e9sentera son avant projet.Une fois que votre projet sera bien d\u00e9fini, un chiffrage d\u00e9taill\u00e9 par corps d\u2019\u00e9tat vous [&hellip;]<\/p>\n","protected":false},"author":1,"featured_media":0,"parent":0,"menu_order":0,"comment_status":"closed","ping_status":"closed","template":"","meta":{"footnotes":""},"class_list":["post-305","page","type-page","status-publish","hentry"],"_links":{"self":[{"href":"https:\/\/www.frederic-dabert.fr\/index.php\/wp-json\/wp\/v2\/pages\/305","targetHints":{"allow":["GET"]}}],"collection":[{"href":"https:\/\/www.frederic-dabert.fr\/index.php\/wp-json\/wp\/v2\/pages"}],"about":[{"href":"https:\/\/www.frederic-dabert.fr\/index.php\/wp-json\/wp\/v2\/types\/page"}],"author":[{"embeddable":true,"href":"https:\/\/www.frederic-dabert.fr\/index.php\/wp-json\/wp\/v2\/users\/1"}],"replies":[{"embeddable":true,"href":"https:\/\/www.frederic-dabert.fr\/index.php\/wp-json\/wp\/v2\/comments?post=305"}],"version-history":[{"count":4,"href":"https:\/\/www.frederic-dabert.fr\/index.php\/wp-json\/wp\/v2\/pages\/305\/revisions"}],"predecessor-version":[{"id":311,"href":"https:\/\/www.frederic-dabert.fr\/index.php\/wp-json\/wp\/v2\/pages\/305\/revisions\/311"}],"wp:attachment":[{"href":"https:\/\/www.frederic-dabert.fr\/index.php\/wp-json\/wp\/v2\/media?parent=305"}],"curies":[{"name":"wp","href":"https:\/\/api.w.org\/{rel}","templated":true}]}}