{"id":296,"date":"2023-12-15T17:01:05","date_gmt":"2023-12-15T16:01:05","guid":{"rendered":"http:\/\/www.frederic-dabert.fr\/?page_id=296"},"modified":"2023-12-15T17:03:37","modified_gmt":"2023-12-15T16:03:37","slug":"sur-mesure","status":"publish","type":"page","link":"https:\/\/www.frederic-dabert.fr\/index.php\/sur-mesure\/","title":{"rendered":"Sur mesure"},"content":{"rendered":"\t\t<div data-elementor-type=\"wp-page\" data-elementor-id=\"296\" class=\"elementor elementor-296\" data-elementor-post-type=\"page\">\n\t\t\t\t\t\t\t<div class=\"elementor-element elementor-element-a24bdf7 e-flex e-con-boxed e-con e-parent\" data-id=\"a24bdf7\" data-element_type=\"container\" data-settings=\"{&quot;content_width&quot;:&quot;boxed&quot;}\" data-core-v316-plus=\"true\">\n\t\t\t\t\t<div class=\"e-con-inner\">\n\t\t\t\t<div class=\"elementor-element elementor-element-6c99224 elementor-widget elementor-widget-text-editor\" data-id=\"6c99224\" data-element_type=\"widget\" data-widget_type=\"text-editor.default\">\n\t\t\t\t<div class=\"elementor-widget-container\">\n\t\t\t<style>\/*! elementor - v3.18.0 - 20-12-2023 *\/\n.elementor-widget-text-editor.elementor-drop-cap-view-stacked .elementor-drop-cap{background-color:#69727d;color:#fff}.elementor-widget-text-editor.elementor-drop-cap-view-framed .elementor-drop-cap{color:#69727d;border:3px solid;background-color:transparent}.elementor-widget-text-editor:not(.elementor-drop-cap-view-default) .elementor-drop-cap{margin-top:8px}.elementor-widget-text-editor:not(.elementor-drop-cap-view-default) .elementor-drop-cap-letter{width:1em;height:1em}.elementor-widget-text-editor .elementor-drop-cap{float:left;text-align:center;line-height:1;font-size:50px}.elementor-widget-text-editor .elementor-drop-cap-letter{display:inline-block}<\/style>\t\t\t\t<h1><img fetchpriority=\"high\" decoding=\"async\" class=\"size-full wp-image-301 alignright\" src=\"http:\/\/www.frederic-dabert.fr\/wp-content\/uploads\/2023\/12\/ouvriers.jpg\" alt=\"\" width=\"300\" height=\"450\" srcset=\"https:\/\/www.frederic-dabert.fr\/wp-content\/uploads\/2023\/12\/ouvriers.jpg 300w, https:\/\/www.frederic-dabert.fr\/wp-content\/uploads\/2023\/12\/ouvriers-200x300.jpg 200w\" sizes=\"(max-width: 300px) 100vw, 300px\" \/>Votre maison sur mesure !<\/h1><h2>Structure<\/h2><p>Vous aurez le choix des mat\u00e9riaux :<\/p><ul><li>\u00a0Parpaings, Briques, B\u00e9ton Cellulaire,<\/li><li>\u00a0Ossature bois , madriers, fustes,<\/li><li>\u00a0Blocs coffrant isolants Id4<\/li><\/ul><p>Tous mes projets sont syst\u00e9matiquement bas\u00e9s sur une \u00e9tude de sols, une \u00e9tude b\u00e9ton arm\u00e9e et une \u00e9tude thermique<\/p><h2>Isolation thermique<\/h2><p>Nous concevons votre projet de mani\u00e8re \u00e0 ce qu\u2019il soit conforme \u00e0 la r\u00e9glementation thermique en vigueur RT2012 jusqu\u2019\u00e0 la Maison Passive.<\/p><h2>Chauffage<\/h2><p>Vous choisirez votre mode de chauffage :<\/p><ul><li>Chauffage \u00e9lectrique \u00a0et Po\u00eale \u00e0 granul\u00e9s de bois (Surface habitable &lt; 100m2 et altitude &lt; 400m),<\/li><li>Chaudi\u00e8re gaz \u00e0 condensation reli\u00e9e \u00e0 un Plancher chauffant ou \u00e0 des radiateurs et production d\u2019eau chaude Solaire<\/li><li>Pompe \u00e0 chaleur Duo (Chauffage + Eau Chaude) reli\u00e9e \u00e0 un Plancher chauffant<\/li><\/ul>\t\t\t\t\t\t<\/div>\n\t\t\t\t<\/div>\n\t\t\t\t\t<\/div>\n\t\t\t\t<\/div>\n\t\t\t\t\t\t\t<\/div>\n\t\t","protected":false},"excerpt":{"rendered":"<p>Votre maison sur mesure ! Structure Vous aurez le choix des mat\u00e9riaux : \u00a0Parpaings, Briques, B\u00e9ton Cellulaire, \u00a0Ossature bois , madriers, fustes, \u00a0Blocs coffrant isolants Id4 Tous mes projets sont syst\u00e9matiquement bas\u00e9s sur une \u00e9tude de sols, une \u00e9tude b\u00e9ton arm\u00e9e et une \u00e9tude thermique Isolation thermique Nous concevons votre projet de mani\u00e8re \u00e0 ce [&hellip;]<\/p>\n","protected":false},"author":1,"featured_media":0,"parent":0,"menu_order":0,"comment_status":"closed","ping_status":"closed","template":"","meta":{"footnotes":""},"class_list":["post-296","page","type-page","status-publish","hentry"],"_links":{"self":[{"href":"https:\/\/www.frederic-dabert.fr\/index.php\/wp-json\/wp\/v2\/pages\/296","targetHints":{"allow":["GET"]}}],"collection":[{"href":"https:\/\/www.frederic-dabert.fr\/index.php\/wp-json\/wp\/v2\/pages"}],"about":[{"href":"https:\/\/www.frederic-dabert.fr\/index.php\/wp-json\/wp\/v2\/types\/page"}],"author":[{"embeddable":true,"href":"https:\/\/www.frederic-dabert.fr\/index.php\/wp-json\/wp\/v2\/users\/1"}],"replies":[{"embeddable":true,"href":"https:\/\/www.frederic-dabert.fr\/index.php\/wp-json\/wp\/v2\/comments?post=296"}],"version-history":[{"count":6,"href":"https:\/\/www.frederic-dabert.fr\/index.php\/wp-json\/wp\/v2\/pages\/296\/revisions"}],"predecessor-version":[{"id":304,"href":"https:\/\/www.frederic-dabert.fr\/index.php\/wp-json\/wp\/v2\/pages\/296\/revisions\/304"}],"wp:attachment":[{"href":"https:\/\/www.frederic-dabert.fr\/index.php\/wp-json\/wp\/v2\/media?parent=296"}],"curies":[{"name":"wp","href":"https:\/\/api.w.org\/{rel}","templated":true}]}}